{"id":7719,"date":"2025-10-17T11:01:36","date_gmt":"2025-10-17T09:01:36","guid":{"rendered":"https:\/\/spgosciejewo.pl\/?page_id=7719"},"modified":"2025-11-05T16:37:28","modified_gmt":"2025-11-05T15:37:28","slug":"jadlospis","status":"publish","type":"page","link":"https:\/\/spgosciejewo.pl\/?page_id=7719","title":{"rendered":"JAD\u0141OSPIS"},"content":{"rendered":"<p style=\"text-align: center;\"><strong>Oddzia\u0142 Przedszkolny &#8211;&nbsp; wariant I (Menu zmienne co tydzie\u0144) &#8211; koszt 8 z\u0142<\/strong><\/p>\n<p style=\"text-align: center;\"><a href=\"https:\/\/spgosciejewo.pl\/wp-content\/uploads\/2025\/11\/12479.jpg\">Menu wariant I &#8211; p\u0142atno\u015b\u0107 na konto bankowe<\/a><\/p>\n<p style=\"text-align: center;\"><strong>Szko\u0142a Podstawowa &#8211; wariant II (Menu do wyboru wg. cennika)&nbsp;<\/strong><\/p>\n<p style=\"text-align: center;\"><a href=\"https:\/\/spgosciejewo.pl\/wp-content\/uploads\/2025\/10\/pdf24_converted.pdf\">Menu wariant II &#8211;&nbsp; p\u0142atno\u015b\u0107 got\u00f3wk\u0105 w kuchni<\/a><\/p>\n","protected":false},"excerpt":{"rendered":"<p>Oddzia\u0142 Przedszkolny &#8211;&nbsp; wariant I (Menu zmienne co tydzie\u0144) &#8211; koszt 8 z\u0142 Menu wariant I &#8211; p\u0142atno\u015b\u0107 na konto bankowe Szko\u0142a Podstawowa &#8211; wariant II (Menu do wyboru wg. cennika)&nbsp; Menu wariant II &#8211;&nbsp; p\u0142atno\u015b\u0107 got\u00f3wk\u0105 w kuchni<\/p>\n","protected":false},"author":1,"featured_media":0,"parent":0,"menu_order":0,"comment_status":"closed","ping_status":"closed","template":"","meta":{"ngg_post_thumbnail":0,"footnotes":""},"class_list":["post-7719","page","type-page","status-publish","hentry"],"_links":{"self":[{"href":"https:\/\/spgosciejewo.pl\/index.php?rest_route=\/wp\/v2\/pages\/7719","targetHints":{"allow":["GET"]}}],"collection":[{"href":"https:\/\/spgosciejewo.pl\/index.php?rest_route=\/wp\/v2\/pages"}],"about":[{"href":"https:\/\/spgosciejewo.pl\/index.php?rest_route=\/wp\/v2\/types\/page"}],"author":[{"embeddable":true,"href":"https:\/\/spgosciejewo.pl\/index.php?rest_route=\/wp\/v2\/users\/1"}],"replies":[{"embeddable":true,"href":"https:\/\/spgosciejewo.pl\/index.php?rest_route=%2Fwp%2Fv2%2Fcomments&post=7719"}],"version-history":[{"count":6,"href":"https:\/\/spgosciejewo.pl\/index.php?rest_route=\/wp\/v2\/pages\/7719\/revisions"}],"predecessor-version":[{"id":7722,"href":"https:\/\/spgosciejewo.pl\/index.php?rest_route=\/wp\/v2\/pages\/7719\/revisions\/7722"}],"wp:attachment":[{"href":"https:\/\/spgosciejewo.pl\/index.php?rest_route=%2Fwp%2Fv2%2Fmedia&parent=7719"}],"curies":[{"name":"wp","href":"https:\/\/api.w.org\/{rel}","templated":true}]}}