{"id":5235,"date":"2024-03-01T08:12:10","date_gmt":"2024-03-01T07:12:10","guid":{"rendered":"https:\/\/spgosciejewo.pl\/?page_id=5235"},"modified":"2026-02-09T12:13:12","modified_gmt":"2026-02-09T11:13:12","slug":"wnioski-dokumenty-rekrutacyjne","status":"publish","type":"page","link":"https:\/\/spgosciejewo.pl\/?page_id=5235","title":{"rendered":"E &#8211; REKRUTACJA"},"content":{"rendered":"<p><strong>Rekrutacja do publicznych przedszkoli, oddzia\u0142\u00f3w przedszkolnych oraz szk\u00f3\u0142 prowadzonych przez Gmin\u0119 Rogo\u017ano na rok szkolny 2026\/27 odbywa\u0107 si\u0119 b\u0119dzie drog\u0105 elektroniczn\u0105.<\/strong><\/p>\n<p style=\"text-align: left;\"><span style=\"color: #ff0000;\"><strong>W formie papierowej mo\u017cna sk\u0142ada\u0107 wy\u0142\u0105cznie wnioski o kontynuacj\u0119 ucz\u0119szczania do przedszkola, kt\u00f3re s\u0105 dost\u0119pne na terenie plac\u00f3wek. Termin sk\u0142adania wniosk\u00f3w o kontynuacj\u0119: pocz\u0105tek&nbsp; 2 marca 2026 r. godz.&nbsp; 8, koniec 6 marca 2026 godz. 16.<\/strong><\/span><\/p>\n<p>System elektronicznej rekrutacji stworzony zosta\u0142 &nbsp;z my\u015bl\u0105 o rodzicach dzieci ucz\u0119szczaj\u0105cych lub maj\u0105cych dopiero ucz\u0119szcza\u0107 do plac\u00f3wek o\u015bwiatowych na terenie Gminy Rogo\u017ano. System spe\u0142nia restrykcyjne wymagania w zakresie ochrony danych osobowych (RODO) oraz oferuj\u0119 wysok\u0105 dost\u0119pno\u015b\u0107 dzi\u0119ki spe\u0142nieniu normy WCAG 2.0 AA. System wyposa\u017cony zosta\u0142 w&nbsp; mechanizm potwierdzania profilem zaufanym co zapewnia obs\u0142ug\u0119 procesu sk\u0142adania wniosk\u00f3w w formie elektronicznej.&nbsp;<\/p>\n<p><strong>Dzi\u0119ki systemowi rekrutacji: <\/strong><\/p>\n<ul>\n<li>z\u0142o\u017cysz wniosek z dowolnego miejsca &#8211; szybko i bez kolejek,<\/li>\n<li>wiesz dok\u0142adnie na jakim etapie s\u0105 Twoje wnioski,<\/li>\n<li>dzi\u0119ki komunikacji mailowej jeste\u015b na bie\u017c\u0105co z ca\u0142ym procesem rekrutacji,<\/li>\n<li>w jednym miejscu z\u0142o\u017cysz wszystkie wymagane dokumenty, aby zrekrutowa\u0107 swoje dziecko do wybranej plac\u00f3wki,<\/li>\n<li>masz dost\u0119p do najwa\u017cniejszych informacji i oferty edukacyjnej wszystkich plac\u00f3wek o\u015bwiatowych na terenie gminy.<\/li>\n<\/ul>\n<p><strong>Z\u0142o\u017cenie wniosku <\/strong><\/p>\n<ol>\n<li>Zaloguj si\u0119 na stron\u0119 elektronicznej rekrutacji<\/li>\n<\/ol>\n<p><a href=\"https:\/\/rogozno.rekrutacje.edu.pl\/\">https:\/\/rogozno.rekrutacje.edu.pl\/<\/a><\/p>\n<ol start=\"2\">\n<li>Zapoznaj si\u0119 z informacjami podstawowymi na temat rekrutacji wybieraj\u0105c jedn\u0105 z opcji w g\u0142\u00f3wnym oknie informacyjnym systemu:<\/li>\n<\/ol>\n<ul>\n<li><strong>harmonogram rekrutacji<\/strong>:<\/li>\n<\/ul>\n<p><a href=\"https:\/\/rogozno.rekrutacje.edu.pl\/harmonogram-rekrutacji\">https:\/\/rogozno.rekrutacje.edu.pl\/harmonogram-rekrutacji<\/a><\/p>\n<ul>\n<li><strong>kryteria rekrutacji: <\/strong><\/li>\n<\/ul>\n<p><a href=\"https:\/\/rogozno.rekrutacje.edu.pl\/kryteria-rekrutacji\">https:\/\/rogozno.rekrutacje.edu.pl\/kryteria-rekrutacji<\/a><\/p>\n<ol start=\"3\">\n<li>Przejd\u017a do opcji sk\u0142adania wniosk\u00f3w w procesie rekrutacji elektronicznych wybieraj\u0105c opcj\u0119 Logowanie w g\u00f3rnym menu lub Zaloguj si\u0119 lub zarejestruj w oknie startowym systemu.<\/li>\n<\/ol>\n<p><a href=\"https:\/\/rogozno.rekrutacje.edu.pl\/logowanie\">https:\/\/rogozno.rekrutacje.edu.pl\/logowanie<\/a><\/p>\n<ol start=\"4\">\n<li>Proces rejestracji u\u017cytkownika jest niezb\u0119dny w celu przeprowadzenia procesu z\u0142o\u017cenia wniosku. Zak\u0142adanie konto realizowane jest pod przyciskiem Utw\u00f3rz profil. Proces zak\u0142adania konta sk\u0142ada si\u0119 z 4 krok\u00f3w:<\/li>\n<\/ol>\n<p><strong>&nbsp;<\/strong><strong>KROK 1:&nbsp; <\/strong><\/p>\n<ul>\n<li>Podaj sw\u00f3j adres e-mail i utw\u00f3rz has\u0142o.<\/li>\n<li>Otrzymasz informacj\u0119 o wys\u0142aniu linku aktywacyjnego na wskazany adres e-mail. Uwaga: Wiadomo\u015b\u0107 mo\u017ce czasami trafi\u0107 do SPAMu .<\/li>\n<\/ul>\n<p><strong>KROK 2: <\/strong><\/p>\n<ul>\n<li>W drugim kroku podaj numer telefonu, nast\u0119pnie zaloguj si\u0119 do systemu.<\/li>\n<li><span style=\"color: #ff0000;\">Przy logowaniu podaj 6-cyfrowy KOD, wysy\u0142any na adres e-mail u\u017cytkownika.<\/span><\/li>\n<li>Potwierd\u017a kod i zaloguj si\u0119,<\/li>\n<\/ul>\n<p><strong>KROK 3<\/strong> : Wybierz ko obrazek weryfikacyjny. (Wyb\u00f3r jest inny dla ka\u017cdej osoby zak\u0142adaj\u0105cej konto).<\/p>\n<p><strong>KROK 4:<\/strong> W ostatnim kroku rejestracji System Elektronicznych Rekrutacji poprosi u\u017cytkownika o podanie wszystkich&nbsp; potrzebnych danych do za\u0142o\u017cenia konta i p\u00f3\u017aniejszego sk\u0142adania wniosku.&nbsp;<\/p>\n<ol start=\"5\">\n<li>Sk\u0142adanie wniosku powinno odbywa\u0107 si\u0119 zgodnie z Instrukcj\u0105 dla rodzica.<\/li>\n<\/ol>\n<p>Link&nbsp; do instrukcji:<\/p>\n<p><a href=\"https:\/\/s3.eu-central-1.amazonaws.com\/m4parents-userfiles-prod\/Instrukcja_dla_rodzicow.pdf\">https:\/\/s3.eu-central-1.amazonaws.com\/m4parents-userfiles-prod\/Instrukcja_dla_rodzicow.pdf<\/a><\/p>\n<p><span style=\"color: #ff0000;\">WA\u017bNE Wybieraj\u0105c form\u0119 potwierdzenia wniosku Profilem Zaufanym <u>musi on zosta\u0107 potwierdzony przez wszystkich rodzic\u00f3w \/ opiekun\u00f3w prawnych wskazanych we wniosku.<\/u><\/span><\/p>\n<p><span style=\"color: #ff0000;\">Je\u017celi potwierdzasz wniosek Profilem Zaufanym nie ma konieczno\u015bci drukowania i sk\u0142adania wniosku w formie papierowej.&nbsp; W przypadku braku Profilu Zaufanego przez kt\u00f3regokolwiek z rodzic\u00f3w \/ opiekun\u00f3w prawnych pami\u0119taj o wydrukowaniu wniosku i potwierdzeniu przez drugiego rodzica \/ opiekuna prawnego (link do potwierdzenia otrzyma drog\u0105 e-mailow\u0105).&nbsp;&nbsp;&nbsp;&nbsp;<\/span><\/p>\n<ol start=\"6\">\n<li>Zapoznaj si\u0119 z filmami instrukta\u017cowymi<\/li>\n<\/ol>\n<ul>\n<li>1) Dla przedszkoli\/szk\u00f3\u0142:<\/li>\n<\/ul>\n<p><a href=\"https:\/\/youtu.be\/lqK_q064-l4\">https:\/\/youtu.be\/lqK_q064-l4<\/a><\/p>\n<ul>\n<li>2) Dla \u017b\u0142obka:<\/li>\n<\/ul>\n<p><a href=\"https:\/\/youtu.be\/dePCtXK6moo\">https:\/\/youtu.be\/dePCtXK6moo<\/a><\/p>\n<ol start=\"7\">\n<li>Je\u017celi masz pytania przejd\u017a do strony pytania i odpowiedzi:<\/li>\n<\/ol>\n<p><a href=\"https:\/\/rogozno.rekrutacje.edu.pl\/pytania-i-odpowiedzi\">https:\/\/rogozno.rekrutacje.edu.pl\/pytania-i-odpowiedzi<\/a><\/p>\n<p>Za\u0142\u0105czniki :<\/p>\n<ol>\n<li><a href=\"https:\/\/spgosciejewo.pl\/wp-content\/uploads\/2026\/02\/Instrukcja_dla_rodzicow-skompresowany.pdf\">Instrukcja dla rodzic\u00f3w.<\/a><\/li>\n<li><a href=\"https:\/\/spgosciejewo.pl\/wp-content\/uploads\/2026\/02\/Zarzadenie-Elektroniczna-rekrutacja.pdf\">Zarz\u0105dzenie &#8211; elektroniczna rekrutacja.<\/a><\/li>\n<li><a href=\"https:\/\/spgosciejewo.pl\/wp-content\/uploads\/2026\/02\/Zarzadzenie-terminy-rekrutacji.pdf\">Zarz\u0105dzenie &#8211; terminy rekrutacji.<\/a><\/li>\n<\/ol>\n","protected":false},"excerpt":{"rendered":"<p>Rekrutacja do publicznych przedszkoli, oddzia\u0142\u00f3w przedszkolnych oraz szk\u00f3\u0142 prowadzonych przez Gmin\u0119 Rogo\u017ano na rok szkolny 2026\/27 odbywa\u0107 si\u0119 b\u0119dzie drog\u0105 elektroniczn\u0105. W formie papierowej mo\u017cna sk\u0142ada\u0107 wy\u0142\u0105cznie wnioski o kontynuacj\u0119 ucz\u0119szczania do przedszkola, kt\u00f3re s\u0105 dost\u0119pne na terenie plac\u00f3wek. Termin sk\u0142adania wniosk\u00f3w o kontynuacj\u0119: pocz\u0105tek&nbsp; 2 marca 2026 r. godz.&nbsp; [&hellip;]<\/p>\n","protected":false},"author":1,"featured_media":0,"parent":0,"menu_order":0,"comment_status":"closed","ping_status":"closed","template":"","meta":{"ngg_post_thumbnail":0,"footnotes":""},"class_list":["post-5235","page","type-page","status-publish","hentry"],"_links":{"self":[{"href":"https:\/\/spgosciejewo.pl\/index.php?rest_route=\/wp\/v2\/pages\/5235","targetHints":{"allow":["GET"]}}],"collection":[{"href":"https:\/\/spgosciejewo.pl\/index.php?rest_route=\/wp\/v2\/pages"}],"about":[{"href":"https:\/\/spgosciejewo.pl\/index.php?rest_route=\/wp\/v2\/types\/page"}],"author":[{"embeddable":true,"href":"https:\/\/spgosciejewo.pl\/index.php?rest_route=\/wp\/v2\/users\/1"}],"replies":[{"embeddable":true,"href":"https:\/\/spgosciejewo.pl\/index.php?rest_route=%2Fwp%2Fv2%2Fcomments&post=5235"}],"version-history":[{"count":3,"href":"https:\/\/spgosciejewo.pl\/index.php?rest_route=\/wp\/v2\/pages\/5235\/revisions"}],"predecessor-version":[{"id":7859,"href":"https:\/\/spgosciejewo.pl\/index.php?rest_route=\/wp\/v2\/pages\/5235\/revisions\/7859"}],"wp:attachment":[{"href":"https:\/\/spgosciejewo.pl\/index.php?rest_route=%2Fwp%2Fv2%2Fmedia&parent=5235"}],"curies":[{"name":"wp","href":"https:\/\/api.w.org\/{rel}","templated":true}]}}