{"id":39,"date":"2018-11-23T17:37:42","date_gmt":"2018-11-23T16:37:42","guid":{"rendered":"http:\/\/spgosciejewo.pl\/?page_id=39"},"modified":"2026-02-09T12:25:21","modified_gmt":"2026-02-09T11:25:21","slug":"nauczyciele","status":"publish","type":"page","link":"https:\/\/spgosciejewo.pl\/?page_id=39","title":{"rendered":"NAUCZYCIELE"},"content":{"rendered":"<h4 style=\"text-align: center;\"><span style=\"color: #000000;\"><strong>Lista nauczycieli Szko\u0142y Podstawowej<br \/>\n&nbsp;im. Noblist\u00f3w Polskich w Go\u015bciejewie<\/strong><\/span><\/h4>\n<p>&nbsp;<\/p>\n<fieldset style=\"box-shadow: 0px 0px 6px 4px silver;\">\n<table width=\"686\" height=\"1813\">\n<tbody>\n<tr>\n<td width=\"13%\"><span style=\"color: #000000;\"><strong><em>LP.<\/em><\/strong><\/span><\/td>\n<td width=\"50%\"><span style=\"color: #000000;\"><strong><em>NAZWISKO I IMI\u0118<\/em><\/strong><\/span><\/td>\n<td width=\"28%\"><span style=\"color: #000000;\"><strong><em>NAUCZANY PRZEDMIOT<\/em><\/strong><\/span><\/td>\n<\/tr>\n<tr>\n<td width=\"13%\"><span style=\"color: #000000;\">1.&nbsp;<\/span><\/td>\n<td width=\"50%\"><span style=\"color: #000000;\">Jezierska-Luty Ma\u0142gorzata<\/span><\/td>\n<td width=\"28%\"><span style=\"color: #000000;\">chemia, biologia<\/span><\/td>\n<\/tr>\n<tr>\n<td width=\"13%\"><span style=\"color: #000000;\">2.&nbsp;<\/span><\/td>\n<td width=\"50%\"><span style=\"color: #000000;\">Troczy\u0144ska Julia<\/span><\/td>\n<td width=\"28%\"><span style=\"color: #000000;\">edukacja przedszkolna, \u015bwietlica<\/span><\/td>\n<\/tr>\n<tr>\n<td width=\"13%\"><span style=\"color: #000000;\">3.&nbsp;&nbsp;&nbsp;&nbsp;&nbsp; &nbsp;<\/span><\/td>\n<td width=\"50%\">B\u0142a\u017cejewska Barbara<\/td>\n<td width=\"28%\"><span style=\"color: #000000;\">technika, plastyka, \u015bwietlica<\/span><\/td>\n<\/tr>\n<tr>\n<td width=\"13%\"><span style=\"color: #000000;\">4.&nbsp;&nbsp;&nbsp;&nbsp;&nbsp; &nbsp;<\/span><\/td>\n<td width=\"50%\"><span style=\"color: #000000;\">Chmielewska Iwona<\/span><\/td>\n<td width=\"28%\"><span style=\"color: #000000;\">religia, biblioteka<\/span><\/td>\n<\/tr>\n<tr>\n<td width=\"13%\"><span style=\"color: #000000;\">5.&nbsp;&nbsp;&nbsp;&nbsp;&nbsp; &nbsp;<\/span><\/td>\n<td width=\"50%\"><span style=\"color: #000000;\">Dobrogowski Robert<\/span><\/td>\n<td width=\"28%\"><span style=\"color: #000000;\">muzyka<\/span><\/td>\n<\/tr>\n<tr>\n<td width=\"13%\"><span style=\"color: #000000;\">6.&nbsp;&nbsp;&nbsp;&nbsp;&nbsp; &nbsp;<\/span><\/td>\n<td width=\"50%\"><span style=\"color: #000000;\">Gniadek Katarzyna<\/span><\/td>\n<td width=\"28%\"><span style=\"color: #000000;\">matematyka<\/span><\/td>\n<\/tr>\n<tr>\n<td width=\"13%\"><span style=\"color: #000000;\">7.&nbsp;&nbsp;&nbsp;&nbsp;&nbsp; &nbsp;<\/span><\/td>\n<td width=\"50%\"><span style=\"color: #000000;\">Ja\u015bkowiak-Gracz Monika<\/span><\/td>\n<td width=\"28%\"><span style=\"color: #000000;\">EDB<\/span><\/td>\n<\/tr>\n<tr>\n<td width=\"13%\"><span style=\"color: #000000;\">8.&nbsp;&nbsp;&nbsp;&nbsp;&nbsp; &nbsp;<\/span><\/td>\n<td width=\"50%\"><span style=\"color: #000000;\">Ja\u015bkowiak-Gracz Monika<\/span><\/td>\n<td width=\"28%\"><span style=\"color: #000000;\">Doradztwo zawodowe, \u015bwietlica<\/span><\/td>\n<\/tr>\n<tr>\n<td width=\"13%\"><span style=\"color: #000000;\">9.&nbsp;&nbsp;&nbsp;&nbsp;&nbsp; &nbsp;<\/span><\/td>\n<td width=\"50%\"><span style=\"color: #000000;\">J\u0119drzejewska Mariola<\/span><\/td>\n<td width=\"28%\"><span style=\"color: #000000;\">przyroda, biblioteka<\/span><\/td>\n<\/tr>\n<tr>\n<td width=\"13%\"><span style=\"color: #000000;\">10.&nbsp; &nbsp;&nbsp;<\/span><\/td>\n<td width=\"50%\"><span style=\"color: #000000;\">Julia Janczak<\/span><\/td>\n<td width=\"28%\"><span style=\"color: #000000;\">psycholog<\/span><\/td>\n<\/tr>\n<tr>\n<td width=\"13%\"><span style=\"color: #000000;\">11.&nbsp;&nbsp;&nbsp;&nbsp; &nbsp;<\/span><\/td>\n<td width=\"50%\"><span style=\"color: #000000;\">Kachlicka Katarzyna<\/span><\/td>\n<td width=\"28%\"><span style=\"color: #000000;\">edukacja wczesnoszkolna<\/span><\/td>\n<\/tr>\n<tr>\n<td width=\"13%\"><span style=\"color: #000000;\">12.&nbsp;&nbsp;&nbsp;&nbsp; &nbsp;<\/span><\/td>\n<td width=\"50%\"><span style=\"color: #000000;\">Kalff Dawid<\/span><\/td>\n<td width=\"28%\"><span style=\"color: #000000;\">p.o Dyrektora Szko\u0142y, wf, \u015bwietlica<\/span><\/td>\n<\/tr>\n<tr>\n<td width=\"13%\"><span style=\"color: #000000;\">13.&nbsp;&nbsp;&nbsp;&nbsp; &nbsp;<\/span><\/td>\n<td width=\"50%\"><span style=\"color: #000000;\">Kmak Ma\u0142gorzata<\/span><\/td>\n<td width=\"28%\"><span style=\"color: #000000;\">edukacja wczesnoszkolna<\/span><\/td>\n<\/tr>\n<tr>\n<td width=\"13%\"><span style=\"color: #000000;\">14.&nbsp;&nbsp;&nbsp;&nbsp; &nbsp;<\/span><\/td>\n<td width=\"50%\"><span style=\"color: #000000;\">Kosmowska Bernadeta<\/span><\/td>\n<td width=\"28%\"><span style=\"color: #000000;\">j. niemiecki<\/span><\/td>\n<\/tr>\n<tr>\n<td width=\"13%\"><span style=\"color: #000000;\">15.&nbsp;&nbsp;&nbsp;&nbsp; &nbsp;<\/span><\/td>\n<td width=\"50%\"><span style=\"color: #000000;\">\u0141abiak Ogulgerek<\/span><\/td>\n<td width=\"28%\"><span style=\"color: #000000;\">matematyka, informatyka, fizyka, geografia,&nbsp;<\/span><\/td>\n<\/tr>\n<tr>\n<td width=\"13%\"><span style=\"color: #000000;\">16.&nbsp;&nbsp;&nbsp;&nbsp; &nbsp;<\/span><\/td>\n<td width=\"50%\"><span style=\"color: #000000;\">Mazari Beata<\/span><\/td>\n<td width=\"28%\"><span style=\"color: #000000;\">j. angielski<\/span><\/td>\n<\/tr>\n<tr>\n<td width=\"13%\"><span style=\"color: #000000;\">17.&nbsp;&nbsp;&nbsp;&nbsp; &nbsp;<\/span><\/td>\n<td width=\"50%\"><span style=\"color: #000000;\">Michalska Edyta<\/span><\/td>\n<td width=\"28%\"><span style=\"color: #000000;\">matematyka, \u015bwietlica<\/span><\/td>\n<\/tr>\n<tr>\n<td width=\"13%\"><span style=\"color: #000000;\">18.&nbsp;&nbsp;&nbsp;&nbsp; &nbsp;<\/span><\/td>\n<td width=\"50%\">Michalska Wioletta<\/td>\n<td width=\"28%\"><span style=\"color: #000000;\">edukacja wczesnoszkolna<\/span><\/td>\n<\/tr>\n<tr>\n<td width=\"13%\"><span style=\"color: #000000;\">19.&nbsp;&nbsp;&nbsp;&nbsp; &nbsp;<\/span><\/td>\n<td width=\"50%\"><span style=\"color: #000000;\">Nowak Agnieszka<\/span><\/td>\n<td width=\"28%\"><span style=\"color: #000000;\">wf, \u015bwietlica<\/span><\/td>\n<\/tr>\n<tr>\n<td width=\"13%\"><span style=\"color: #000000;\">20.&nbsp; &nbsp; &nbsp;&nbsp;<\/span><\/td>\n<td width=\"50%\"><span style=\"color: #000000;\">Ortyl Beata<\/span><\/td>\n<td width=\"28%\"><span style=\"color: #000000;\">j. polski, WOS<\/span><\/td>\n<\/tr>\n<tr>\n<td width=\"13%\">21.<\/td>\n<td width=\"50%\">Niemier Miros\u0142awa<\/td>\n<td width=\"28%\"><span style=\"color: #000000;\"><\/span><span style=\"color: #000000;\">logopedia<\/span><\/td>\n<\/tr>\n<tr>\n<td width=\"13%\">22.<\/td>\n<td width=\"50%\"><span style=\"color: #000000;\">Szumi\u0144ska-Jab\u0142o\u0144ska Damiana<\/span><\/td>\n<td width=\"28%\"><span style=\"color: #000000;\">pedagog szkolny, pedagog specjalny<\/span><\/td>\n<\/tr>\n<tr>\n<td width=\"13%\">23.<\/td>\n<td width=\"50%\"><span style=\"color: #000000;\">Thiem \u017baneta<\/span><\/td>\n<td width=\"28%\"><span style=\"color: #000000;\">edukacja wczesnoszkolna<\/span><\/td>\n<\/tr>\n<tr>\n<td width=\"13%\">24.<\/td>\n<td width=\"50%\"><span style=\"color: #000000;\">Chmielewska Iwona<\/span><\/td>\n<td width=\"28%\"><span style=\"color: #000000;\">historia<\/span><\/td>\n<\/tr>\n<tr>\n<td width=\"13%\"><span style=\"color: #000000;\">25.<\/span><\/td>\n<td width=\"50%\">Mizera Ewa<\/td>\n<td width=\"28%\">Edukacja przedszkolna<\/td>\n<\/tr>\n<tr>\n<td width=\"13%\"><span style=\"color: #000000;\">&nbsp; &nbsp;&nbsp;<\/span><\/td>\n<td width=\"50%\"><\/td>\n<td width=\"28%\"><\/td>\n<\/tr>\n<tr>\n<td width=\"13%\" style=\"text-align: left;\"><span style=\"color: #000000;\">&nbsp; &nbsp; &nbsp; &nbsp;&nbsp;<\/span><\/p>\n<p>&nbsp;<\/td>\n<td width=\"50%\"><\/td>\n<td width=\"28%\"><\/td>\n<\/tr>\n<\/tbody>\n<\/table>\n<\/fieldset>\n<p>&nbsp;<\/p>\n","protected":false},"excerpt":{"rendered":"<p>Lista nauczycieli Szko\u0142y Podstawowej &nbsp;im. Noblist\u00f3w Polskich w Go\u015bciejewie &nbsp; LP. NAZWISKO I IMI\u0118 NAUCZANY PRZEDMIOT 1.&nbsp; Jezierska-Luty Ma\u0142gorzata chemia, biologia 2.&nbsp; Troczy\u0144ska Julia edukacja przedszkolna, \u015bwietlica 3.&nbsp;&nbsp;&nbsp;&nbsp;&nbsp; &nbsp; B\u0142a\u017cejewska Barbara technika, plastyka, \u015bwietlica 4.&nbsp;&nbsp;&nbsp;&nbsp;&nbsp; &nbsp; Chmielewska Iwona religia, biblioteka 5.&nbsp;&nbsp;&nbsp;&nbsp;&nbsp; &nbsp; Dobrogowski Robert muzyka 6.&nbsp;&nbsp;&nbsp;&nbsp;&nbsp; &nbsp; Gniadek Katarzyna matematyka [&hellip;]<\/p>\n","protected":false},"author":1,"featured_media":0,"parent":0,"menu_order":2,"comment_status":"closed","ping_status":"closed","template":"page-templates\/template-page-sidebar.php","meta":{"ngg_post_thumbnail":0,"footnotes":""},"class_list":["post-39","page","type-page","status-publish","hentry"],"_links":{"self":[{"href":"https:\/\/spgosciejewo.pl\/index.php?rest_route=\/wp\/v2\/pages\/39","targetHints":{"allow":["GET"]}}],"collection":[{"href":"https:\/\/spgosciejewo.pl\/index.php?rest_route=\/wp\/v2\/pages"}],"about":[{"href":"https:\/\/spgosciejewo.pl\/index.php?rest_route=\/wp\/v2\/types\/page"}],"author":[{"embeddable":true,"href":"https:\/\/spgosciejewo.pl\/index.php?rest_route=\/wp\/v2\/users\/1"}],"replies":[{"embeddable":true,"href":"https:\/\/spgosciejewo.pl\/index.php?rest_route=%2Fwp%2Fv2%2Fcomments&post=39"}],"version-history":[{"count":34,"href":"https:\/\/spgosciejewo.pl\/index.php?rest_route=\/wp\/v2\/pages\/39\/revisions"}],"predecessor-version":[{"id":7860,"href":"https:\/\/spgosciejewo.pl\/index.php?rest_route=\/wp\/v2\/pages\/39\/revisions\/7860"}],"wp:attachment":[{"href":"https:\/\/spgosciejewo.pl\/index.php?rest_route=%2Fwp%2Fv2%2Fmedia&parent=39"}],"curies":[{"name":"wp","href":"https:\/\/api.w.org\/{rel}","templated":true}]}}