{"id":3673,"date":"2023-09-25T23:02:53","date_gmt":"2023-09-25T21:02:53","guid":{"rendered":"https:\/\/spgosciejewo.pl\/?page_id=3673"},"modified":"2023-09-25T23:56:42","modified_gmt":"2023-09-25T21:56:42","slug":"informacja-rodo","status":"publish","type":"page","link":"https:\/\/spgosciejewo.pl\/?page_id=3673","title":{"rendered":"INFORMACJA RODO"},"content":{"rendered":"<p align=\"center\"><img fetchpriority=\"high\" decoding=\"async\" src=\"https:\/\/spgosciejewo.pl\/wp-content\/uploads\/2023\/09\/banner_artykul_rodo_szkola-300x82.jpg\" alt=\"\" width=\"542\" height=\"148\" class=\"alignnone wp-image-3677\" srcset=\"https:\/\/spgosciejewo.pl\/wp-content\/uploads\/2023\/09\/banner_artykul_rodo_szkola-300x82.jpg 300w, https:\/\/spgosciejewo.pl\/wp-content\/uploads\/2023\/09\/banner_artykul_rodo_szkola-768x210.jpg 768w, https:\/\/spgosciejewo.pl\/wp-content\/uploads\/2023\/09\/banner_artykul_rodo_szkola.jpg 975w\" sizes=\"(max-width: 542px) 100vw, 542px\" \/><\/p>\n<p align=\"center\">Informujemy, \u017ce w naszej plac\u00f3wce<\/p>\n<p align=\"center\">Administratorem Bezpiecze\u0144stwa Informacji jest<\/p>\n<p align=\"center\"><strong>Pani&nbsp; Ilona Dajema<\/strong><\/p>\n<p align=\"center\">Adres poczty elektronicznej :<\/p>\n<p align=\"center\"><strong><a href=\"mailto:zbigniew.miszczak@cbi24.pl\">zs.gosciejewo@op.pl<\/a><\/strong><\/p>\n<p style=\"text-align: center;\"><strong>nr tel. <a href=\"tel:673070092\">67 30 70 092<\/a><\/strong><\/p>\n<p>&nbsp;<\/p>\n<div class=\"leadArticle\">\n<div class=\"leadtxtnophsub\">\n<p align=\"center\"><span><strong>KLAUZULA INFORMACYJNA<\/strong><\/span><\/p>\n<p><span>Na podstawie art. 13 Rozporz\u0105dzenia Parlamentu Europejskiego i Rady (UE) 2016\/679 z dnia 27 kwietnia 2016 r. w sprawie ochrony os\u00f3b fizycznych w zwi\u0105zku z przetwarzaniem danych osobowych i w sprawie swobodnego przep\u0142ywu takich danych oraz uchylenia dyrektywy 95\/46\/WE (og\u00f3lne rozporz\u0105dzenie o ochronie danych), publ. Dz. Urz. UE L Nr 119, s. 1 informujemy, i\u017c:<\/span><\/p>\n<\/div>\n<\/div>\n<p>1. Administratorem Pani\/Pana danych osobowych jest Szko\u0142a Podstawowa im. Noblist\u00f3w Polskich w Go\u015bciejewie, tel. kontaktowy: 67 30 70 092, adres e-mail: <strong><a href=\"mailto:zbigniew.miszczak@cbi24.pl\">zs.gosciejewo@op.pl<\/a><\/strong><\/p>\n<p>2. W sprawach z zakresu ochrony danych osobowych mog\u0105 Pa\u0144stwo kontaktowa\u0107 si\u0119<br \/>\nz Administratorem Bezpiecze\u0144stwa Informacji&nbsp; pod adresem e-mail:<span> <strong><a href=\"mailto:zbigniew.miszczak@cbi24.pl\">zs.gosciejewo@op.pl<\/a><\/strong><\/span><\/p>\n<p>3. Dane osobowe b\u0119d\u0105 przetwarzane w celu wykonywania dzia\u0142alno\u015bci dydaktycznej, wychowawczej i opieku\u0144czej w czasie realizowania program\u00f3w nauczania oraz zapewnienia opieki uczniom w trakcie przebywania w \u015bwietlicy szkolnej.<\/p>\n<p>4. Dane osobowe b\u0119d\u0105 przetwarzane przez okres niezb\u0119dny do realizacji ww. celu<br \/>\nz uwzgl\u0119dnieniem okres\u00f3w przechowywania okre\u015blonych w przepisach odr\u0119bnych, w tym przepis\u00f3w archiwalnych.<\/p>\n<p>5. Podstaw\u0105 prawn\u0105 przetwarzania danych jest ustawa z dnia 14 grudnia&nbsp; 2016 r. Prawo O\u015bwiatowe (t. j. Dz. U. z 2019 r. poz. 1148).<\/p>\n<p>6. Odbiorcami Pani\/Pana danych b\u0119d\u0105 podmioty, kt\u00f3re na podstawie zawartych um\u00f3w przetwarzaj\u0105 dane osobowe w imieniu Administratora.<\/p>\n<p>7. Osoba, kt\u00f3rej dane dotycz\u0105 ma prawo do:<\/p>\n<p>&nbsp;&#8211; dost\u0119pu do tre\u015bci swoich danych oraz mo\u017cliwo\u015bci ich poprawiania, sprostowania, ograniczenia przetwarzania, a tak\u017ce &#8211; w przypadkach przewidzianych prawem &#8211; prawo do usuni\u0119cia danych.<\/p>\n<p>&#8211; wniesienia skargi do organu nadzorczego w przypadku gdy przetwarzanie danych odbywa si\u0119 z naruszeniem przepis\u00f3w powy\u017cszego rozporz\u0105dzenia tj. Prezesa Urz\u0119du Ochrony Danych Osobowych, ul. Stawki 2, 00-193 Warszawa.<\/p>\n<p>Podanie danych osobowych jest wymogiem ustawowym. Osoba, kt\u00f3rej dane dotycz\u0105 jest zobowi\u0105zania do ich podania.<\/p>\n<p>Ponadto informujemy, i\u017c w zwi\u0105zku z przetwarzaniem Pani\/Pana danych osobowych nie podlega Pan\/Pani decyzjom, kt\u00f3re si\u0119 opieraj\u0105 wy\u0142\u0105cznie na zautomatyzowanym przetwarzaniu, w tym profilowaniu, o czym stanowi art. 22 og\u00f3lnego rozporz\u0105dzenia o ochronie danych.&nbsp;<\/p>\n","protected":false},"excerpt":{"rendered":"<p>Informujemy, \u017ce w naszej plac\u00f3wce Administratorem Bezpiecze\u0144stwa Informacji jest Pani&nbsp; Ilona Dajema Adres poczty elektronicznej : zs.gosciejewo@op.pl nr tel. 67 30 70 092 &nbsp; KLAUZULA INFORMACYJNA Na podstawie art. 13 Rozporz\u0105dzenia Parlamentu Europejskiego i Rady (UE) 2016\/679 z dnia 27 kwietnia 2016 r. w sprawie ochrony os\u00f3b fizycznych w zwi\u0105zku [&hellip;]<\/p>\n","protected":false},"author":1,"featured_media":0,"parent":0,"menu_order":0,"comment_status":"closed","ping_status":"closed","template":"","meta":{"ngg_post_thumbnail":0,"footnotes":""},"class_list":["post-3673","page","type-page","status-publish","hentry"],"_links":{"self":[{"href":"https:\/\/spgosciejewo.pl\/index.php?rest_route=\/wp\/v2\/pages\/3673","targetHints":{"allow":["GET"]}}],"collection":[{"href":"https:\/\/spgosciejewo.pl\/index.php?rest_route=\/wp\/v2\/pages"}],"about":[{"href":"https:\/\/spgosciejewo.pl\/index.php?rest_route=\/wp\/v2\/types\/page"}],"author":[{"embeddable":true,"href":"https:\/\/spgosciejewo.pl\/index.php?rest_route=\/wp\/v2\/users\/1"}],"replies":[{"embeddable":true,"href":"https:\/\/spgosciejewo.pl\/index.php?rest_route=%2Fwp%2Fv2%2Fcomments&post=3673"}],"version-history":[{"count":6,"href":"https:\/\/spgosciejewo.pl\/index.php?rest_route=\/wp\/v2\/pages\/3673\/revisions"}],"predecessor-version":[{"id":3678,"href":"https:\/\/spgosciejewo.pl\/index.php?rest_route=\/wp\/v2\/pages\/3673\/revisions\/3678"}],"wp:attachment":[{"href":"https:\/\/spgosciejewo.pl\/index.php?rest_route=%2Fwp%2Fv2%2Fmedia&parent=3673"}],"curies":[{"name":"wp","href":"https:\/\/api.w.org\/{rel}","templated":true}]}}