{"id":1823,"date":"2022-10-27T07:50:53","date_gmt":"2022-10-27T05:50:53","guid":{"rendered":"https:\/\/spgosciejewo.pl\/?page_id=1823"},"modified":"2024-06-13T11:31:36","modified_gmt":"2024-06-13T09:31:36","slug":"przedszkole","status":"publish","type":"page","link":"https:\/\/spgosciejewo.pl\/?page_id=1823","title":{"rendered":"Oddzia\u0142y Przedszkolne"},"content":{"rendered":"<h4 style=\"text-align: center;\"><span style=\"color: #0000ff;\"><strong>O <span style=\"color: #993300;\">D <\/span><span style=\"color: #ff6600;\">D <\/span><span style=\"color: #00ff00;\">Z <\/span>I <span style=\"color: #ff0000;\">A <\/span>\u0141 <span style=\"color: #993366;\">Y&nbsp; &nbsp;<\/span>&nbsp; P <span style=\"color: #993300;\">R <\/span><span style=\"color: #00ff00;\">Z <\/span>E <span style=\"color: #ff0000;\">D <\/span>S <span style=\"color: #993366;\">Z <\/span><span style=\"color: #00ff00;\">K <\/span><span style=\"color: #cc99ff;\">O <\/span><span style=\"color: #ff6600;\">L <\/span><span style=\"color: #008000;\">N <\/span>E : <\/strong><\/span><\/h4>\n<h4 style=\"text-align: center;\"><span style=\"color: #0000ff;\"><strong><span style=\"color: #339966;\">G <\/span>O <span style=\"color: #00ff00;\">\u015a <\/span><span style=\"color: #ffcc00;\">C <\/span><span style=\"color: #0000ff;\">I <\/span><span style=\"color: #ff0000;\">E <\/span><span style=\"color: #99ccff;\">J <\/span><span style=\"color: #cc99ff;\">E <\/span><span style=\"color: #333399;\">W <span style=\"color: #008080;\">O <\/span><\/span>, T <span style=\"color: #00ff00;\">A <\/span><span style=\"color: #ff9900;\">R <\/span><span style=\"color: #ff0000;\">N <\/span><span style=\"color: #0000ff;\">O <\/span><span style=\"color: #cc99ff;\">W <\/span>O.<\/strong><\/span><\/h4>\n<p><img fetchpriority=\"high\" decoding=\"async\" src=\"https:\/\/spgosciejewo.pl\/wp-content\/uploads\/2023\/11\/images-300x134.png\" alt=\"\" width=\"403\" height=\"180\" class=\" wp-image-4368 aligncenter\" srcset=\"https:\/\/spgosciejewo.pl\/wp-content\/uploads\/2023\/11\/images-300x134.png 300w, https:\/\/spgosciejewo.pl\/wp-content\/uploads\/2023\/11\/images.png 337w\" sizes=\"(max-width: 403px) 100vw, 403px\" \/><\/p>\n<hr>\n<p style=\"text-align: center;\"><strong>WARSZTATY CHEMICZNE.<\/strong><\/p>\nngg_shortcode_0_placeholder\n<p>&nbsp;<\/p>\n<p>&nbsp;<\/p>\n<p>&nbsp;<\/p>\n<hr>\n<p style=\"text-align: center;\"><strong>DZIE\u0143 DZIECKA NA SPORTOWO.<\/strong><\/p>\nngg_shortcode_1_placeholder\n<p>&nbsp;<\/p>\n<p>&nbsp;<\/p>\n<p>&nbsp;<\/p>\n<hr>\n<p style=\"text-align: center;\"><strong>DZIE\u0143 RODZINY.<\/strong><\/p>\nngg_shortcode_2_placeholder\n<p>&nbsp;<\/p>\n<p>&nbsp;<\/p>\n<p>&nbsp;<\/p>\n<hr>\n<p style=\"text-align: center;\"><strong>ODWIEDZINY W SZKOLE &#8211; EKSPERYMENTY DLA NAJM\u0141ODSZYCH.<\/strong><\/p>\nngg_shortcode_3_placeholder\n<p>&nbsp;<\/p>\n<hr>\n<p style=\"text-align: center;\"><strong>DZIE\u0143 ZIEMI &#8211; PLANETA VS PLASTIK.<\/strong><\/p>\nngg_shortcode_4_placeholder\n<p>&nbsp;<\/p>\n<hr>\n<a href=\"https:\/\/spgosciejewo.pl\/wp-content\/uploads\/2024\/04\/Podziekowanie.pdf\" class=\"pdfemb-viewer\" style=\"\" data-width=\"max\" data-height=\"max\" data-toolbar=\"bottom\" data-toolbar-fixed=\"off\">Podzi\u0119kowanie<\/a>\n<p>&nbsp;<\/p>\n<p>&nbsp;<\/p>\n<p>&nbsp;<\/p>\n<p>&nbsp;<\/p>\n<hr>\n<p style=\"text-align: center;\"><strong>DZIE\u0143 LOTNICTWA I KOSMONAUTYKI.<\/strong><\/p>\nngg_shortcode_5_placeholder\n<p>&nbsp;<\/p>\n<p>&nbsp;<\/p>\n<hr>\n<p style=\"text-align: center;\"><strong>PRZYGOTOWANIA DO \u015aWI\u0104T WIELKANOCNYCH.<\/strong><\/p>\nngg_shortcode_6_placeholder\n<p>&nbsp;<\/p>\n<hr>\n<p style=\"text-align: center;\"><strong>WIELKANOCNE ID\u0104 \u015aWI\u0118TA, O TYCH \u015aWI\u0118TACH KA\u017bDY ZAJ\u0104C PAMI\u0118TA.&nbsp;<\/strong><\/p>\n<p style=\"text-align: center;\"><strong>DO KOSZYCZKA ZAPAKUJ S\u0141ODYCZE, I NA \u015aWI\u0118TA PRZYNIESIE MOC \u017bYCZE\u0143.<\/strong><\/p>\nngg_shortcode_7_placeholder\n<p>&nbsp;<\/p>\n<p>&nbsp;<\/p>\n<p>&nbsp;<\/p>\n<hr>\n<p style=\"text-align: center;\"><strong>21 MARCA &#8211; PIERWSZY DZIE\u0143 WIOSNY.<\/strong><\/p>\nngg_shortcode_8_placeholder\n<p>&nbsp;<\/p>\n<hr>\n<p style=\"text-align: center;\"><strong>&nbsp;\u015aWIATOWY DZIE\u0143 DOWNA, PRZEDSZKOLNE EKSPERYMENTY, <\/strong><\/p>\n<p style=\"text-align: center;\"><strong>21 MARCA &#8211; PIERWSZY DZIE\u0143 WIOSNY.<\/strong><\/p>\nngg_shortcode_9_placeholder\n<p>&nbsp;<\/p>\n<p>&nbsp;<\/p>\n<p>&nbsp;<\/p>\n<hr>\n<div class=\"x78zum5\" role=\"none\">\n<div class=\"x78zum5 x1iyjqo2 xs83m0k xeuugli\" role=\"none\">\n<div role=\"presentation\" class=\"html-div xe8uvvx xdj266r x11i5rnm xat24cr x1mh8g0r xexx8yu x4uap5 x18d9i69 xkhd6sd x1h91t0o xkh2ocl x78zum5 xdt5ytf x13a6bvl x1eb86dx xhj03cu\">\n<div role=\"presentation\" class=\"html-div xe8uvvx xdj266r x11i5rnm xat24cr x1mh8g0r xexx8yu x4uap5 x18d9i69 xkhd6sd x78zum5 xh8yej3\">\n<div class=\"x1cy8zhl x78zum5 xdt5ytf x193iq5w x1n2onr6 x1kxipp6\">\n<div class=\"x78zum5 xh8yej3\" role=\"none\">\n<div class=\"html-div xe8uvvx xdj266r x11i5rnm xat24cr x1mh8g0r xexx8yu x4uap5 x18d9i69 xkhd6sd x6ikm8r x10wlt62\">\n<div role=\"presentation\" class=\"html-div xe8uvvx xdj266r x11i5rnm xat24cr x1mh8g0r x1tlxs6b x1g8br2z x1gn5b1j x230xth x14ctfv x1okitfd x1k4qllp x6ikm8r x10wlt62 x1y1aw1k xwib8y2 x1ye3gou xn6708d x1n2onr6 x1vjfegm x1mzt3pk x13faqbe x1xr0vuk x1jm4cbz x1lmq8lz xrrpcnn x1xtl47e x13fuv20 xu3j5b3 x1q0q8m5 x26u7qi x1tdhcrn x17i5p6 xeqhmsb x1bab9rp\">\n<div role=\"none\" class=\"x9f619 x1n2onr6 x1ja2u2z __fb-light-mode\">\n<div dir=\"auto\" class=\"html-div xe8uvvx xexx8yu x4uap5 x18d9i69 xkhd6sd x1gslohp x11i5rnm x12nagc x1mh8g0r x1yc453h x126k92a x18lvrbx\" style=\"text-align: center;\"><strong>DZIE\u0143&nbsp; PIEKARZA&nbsp; I CUKIERNIKA.<\/strong><\/div>\n<\/div>\n<\/div>\n<\/div>\n<div role=\"presentation\" class=\"html-div xe8uvvx xdj266r x11i5rnm xat24cr x1mh8g0r xexx8yu x4uap5 x18d9i69 xkhd6sd x1r8uery x1iyjqo2\">ngg_shortcode_10_placeholder<\/div>\n<\/div>\n<\/div>\n<\/div>\n<\/div>\n<div role=\"presentation\" class=\"html-div xe8uvvx xdj266r x11i5rnm xat24cr x1mh8g0r xexx8yu x4uap5 x18d9i69 xkhd6sd x1h91t0o xkh2ocl x78zum5 xdt5ytf x13a6bvl x193iq5w x1c4vz4f x1eb86dx\">\n<div aria-hidden=\"true\" class=\"html-div xe8uvvx xdj266r x11i5rnm xat24cr x1mh8g0r xexx8yu x4uap5 x18d9i69 x78zum5 xdt5ytf x1iyjqo2 x2lah0s xl56j7k x1n2onr6 x1h8dheu x1n327nk x1t2a60a\">\n<div role=\"presentation\" class=\"html-div xe8uvvx xdj266r x11i5rnm xat24cr x1mh8g0r xexx8yu x4uap5 x18d9i69 xkhd6sd x6s0dn4 x78zum5 xzgd20w xl5lk40 x1h8dheu x1q0g3np\">\n<div role=\"presentation\" class=\"html-div xe8uvvx xdj266r x11i5rnm xat24cr x1mh8g0r xexx8yu x4uap5 x18d9i69 xkhd6sd x6s0dn4 x78zum5 xzgd20w xl5lk40 x1h8dheu x1q0g3np\">\n<div class=\"html-div xe8uvvx xdj266r x11i5rnm xat24cr x1mh8g0r xexx8yu x4uap5 x18d9i69 xkhd6sd\">\n<div class=\"x9f619 x1n2onr6 x1ja2u2z __fb-light-mode\">\n<div aria-label=\"Odpowiedz\" class=\"x1i10hfl x1ejq31n xd10rxx x1sy0etr x17r0tee x9f619 x1ypdohk xe8uvvx xdj266r x11i5rnm xat24cr x1mh8g0r x16tdsg8 x1hl2dhg xggy1nq x87ps6o x1lku1pv x1a2a7pz x6s0dn4 x1z11no5 xjy5m1g x1mnwbp6 x4pb5v6 x972fbf xcfux6l x1qhh985 xm0m39n x78zum5 xl56j7k xexx8yu x4uap5 x18d9i69 xkhd6sd x1n2onr6 x1fgtraw xgd8bvy xjbqb8w\" role=\"button\" tabindex=\"0\">\n<div class=\"x1ey2m1c xds687c x17qophe xg01cxk x47corl x10l6tqk x13vifvy x1ebt8du x19991ni x1dhq9h xzolkzo x12go9s9 x1rnf11y xprq8jg\" role=\"none\" data-visualcompletion=\"ignore\"><\/div>\n<\/div>\n<\/div>\n<\/div>\n<\/div>\n<\/div>\n<\/div>\n<\/div>\n<\/div>\n<div role=\"presentation\" class=\"html-div xe8uvvx xdj266r x11i5rnm xat24cr x1mh8g0r xexx8yu x4uap5 x18d9i69 xkhd6sd x1h91t0o xkh2ocl x78zum5 xdt5ytf x13a6bvl x193iq5w x1c4vz4f x1eb86dx\">\n<div class=\"x1xc55vz\" role=\"none\"><\/div>\n<\/div>\n<\/div>\n<p>&nbsp;<\/p>\n<p>&nbsp;<\/p>\n<p>&nbsp;<\/p>\n<hr>\n<p style=\"text-align: center;\"><strong>DZIE\u0143 DINOZAURA.<\/strong><\/p>\nngg_shortcode_11_placeholder\n<p>&nbsp;<\/p>\n<p>&nbsp;<\/p>\n<p>&nbsp;<\/p>\n<hr>\n<p style=\"text-align: center;\"><strong>BALIK KARNAWA\u0141OWY.<\/strong><\/p>\nngg_shortcode_12_placeholder\n<p>&nbsp;<\/p>\n<p>&nbsp;<\/p>\n<p>&nbsp;<\/p>\n<hr>\n<p style=\"text-align: center;\"><strong>T\u0141USTY CZWARTEK.<\/strong><\/p>\n<p>&nbsp;<\/p>\nngg_shortcode_13_placeholder\n<p>&nbsp;<\/p>\n<hr>\n<p style=\"text-align: center;\"><strong>DZIE\u0143 PIZZY.<\/strong><\/p>\nngg_shortcode_14_placeholder\n<p>&nbsp;<\/p>\n<p>&nbsp;<\/p>\n<p>&nbsp;<\/p>\n<p>&nbsp;<\/p>\n<hr>\n<p style=\"text-align: center;\"><strong>DZIE\u0143 BEZPIECZNEGO INTERNETU.<\/strong><\/p>\nngg_shortcode_15_placeholder\n<p>&nbsp;<\/p>\n<p>&nbsp;<\/p>\n<hr>\n<p style=\"text-align: center;\"><strong>PRZEDSZKOLAKI W \u015aWIECIE BAJEK I BA\u015aNI-MALOWANIE NA FOLIOWYCH KOSZULKACH.<\/strong><\/p>\nngg_shortcode_16_placeholder\n<p>&nbsp;<\/p>\n<p>&nbsp;<\/p>\n<hr>\n<p style=\"text-align: center;\"><strong>WIZYTA PRZEDSZKOLAK\u00d3W W BIBLIOTECE SZKOLNEJ.<\/strong><\/p>\nngg_shortcode_17_placeholder\n<p>&nbsp;<\/p>\n<hr>\n<p style=\"text-align: center;\"><strong>DZIE\u0143&nbsp; PUZZLI.&nbsp;<\/strong><\/p>\nngg_shortcode_18_placeholder\n<hr>\n<p style=\"text-align: center;\"><strong>&#8222;POWSTANIE STYCZNIOWE&#8221; POKAZ HISTORYCZNY.&nbsp;<\/strong><\/p>\nngg_shortcode_19_placeholder\n<p>&nbsp;<\/p>\n<hr>\n<p style=\"text-align: center;\"><strong>WYCIECZKA \u2013 WARSZTATY BO\u017bONARODZENIOWE \u2013 \u015aWI\u0104TECZNA KRAINA.<\/strong><\/p>\nngg_shortcode_20_placeholder\n<p>&nbsp;<\/p>\n<p>&nbsp;<\/p>\n<hr>\n<p style=\"text-align: center;\"><strong>ANDRZEJKI.&nbsp;<\/strong><\/p>\n<h4 style=\"text-align: center;\"><\/h4>\nngg_shortcode_21_placeholder\n<p>&nbsp;<\/p>\n<hr>\n<p style=\"text-align: center;\"><strong>DZIE\u0143 PLUSZOWEGO MISIA.<\/strong><\/p>\nngg_shortcode_22_placeholder\n<p>&nbsp;<\/p>\n<p>&nbsp;<\/p>\n<p>&nbsp;<\/p>\n<hr>\n<p style=\"text-align: center;\"><strong>DZIE\u0143&nbsp; \u017bYCZLIWO\u015aCI I POZDROWIE\u0143.&nbsp;<\/strong><\/p>\nngg_shortcode_23_placeholder\n<p>&nbsp;<\/p>\n<p>&nbsp;<\/p>\n<hr>\n<p style=\"text-align: center;\"><strong>PUMPKIN DAY \ud83c\udf83\ud83c\udf83\ud83c\udf83 \u015aWI\u0118TO DYNI.<\/strong><\/p>\nngg_shortcode_24_placeholder\n<p>&nbsp;<\/p>\n<hr>\n<p style=\"text-align: center;\"><span style=\"color: #000000;\"><strong>Przywitanie Jesieni pod has\u0142em: &#8222;Pyra, ziemniak, kartofel.<\/strong><\/span><\/p>\nngg_shortcode_25_placeholder\n<hr>\n<h5 style=\"text-align: center;\"><span style=\"color: #000000;\"><strong>DZIE\u0143 CH\u0141OPCA.<\/strong><\/span><\/h5>\nngg_shortcode_26_placeholder\n<hr>\n<h5 style=\"text-align: center;\"><strong>DZIE\u0143 PRZEDSZKOLAKA.<\/strong><\/h5>\nngg_shortcode_27_placeholder\n<hr>\n<h5 style=\"text-align: center;\"><span style=\"color: #000000;\"><strong>MI\u0118DZYNARODOWY DZIE\u0143 KROPKI.<\/strong><\/span><\/h5>\nngg_shortcode_28_placeholder\n<p>&#8212;&#8212;&#8212;&#8212;&#8212;&#8212;&#8212;&#8212;&#8212;&#8212;&#8212;&#8212;&#8212;&#8212;&#8212;&#8212;&#8212;&#8212;&#8212;&#8212;&#8212;&#8212;&#8212;&#8212;&#8212;&#8212;&#8212;&#8212;&#8212;&#8212;&#8212;&#8212;&#8212;&#8212;&#8212;&#8212;&#8212;&#8212;&#8212;&#8212;&#8212;&#8212;&#8212;&#8211;<\/p>\n<hr>\n<p>ngg_shortcode_29_placeholder&#8212;&#8212;&#8212;&#8212;&#8212;&#8212;&#8212;&#8212;&#8212;&#8212;&#8212;&#8212;&#8212;&#8212;&#8212;&#8212;&#8212;&#8212;&#8212;&#8212;&#8212;&#8212;&#8212;&#8212;&#8212;&#8212;&#8212;&#8212;&#8212;&#8212;&#8212;&#8212;&#8212;&#8212;&#8212;&#8212;&#8212;&#8212;&#8212;&#8212;&#8212;&#8212;&#8212;&#8211;<\/p>\n<h5 class=\"entry-title obfx-grid-title\"><strong><span style=\"color: #000000;\"><a href=\"https:\/\/spgosciejewo.pl\/?p=2589\" title=\"Warsztaty pieczenia mazurk\u00f3w \u2013 klas I \u2013 III \u2013 M\u015bciszewo \u201d Skacz\u0105cy M\u0142yn\u201d\" style=\"color: #000000;\">Warsztaty pieczenia mazurk\u00f3w <\/a><\/span><\/strong><strong><span style=\"color: #000000;\"><a href=\"https:\/\/spgosciejewo.pl\/?p=2589\" title=\"Warsztaty pieczenia mazurk\u00f3w \u2013 klas I \u2013 III \u2013 M\u015bciszewo \u201d Skacz\u0105cy M\u0142yn\u201d\" style=\"color: #000000;\">M\u015bciszewo \u201d Skacz\u0105cy M\u0142yn\u201d<\/a><\/span><\/strong><\/h5>\n<p>ngg_shortcode_30_placeholder&#8212;&#8212;&#8212;&#8212;&#8212;&#8212;&#8212;&#8212;&#8212;&#8212;&#8212;&#8212;&#8212;&#8212;&#8212;&#8212;&#8212;&#8212;&#8212;&#8212;&#8212;&#8212;&#8212;&#8212;&#8212;&#8212;&#8212;&#8212;&#8212;&#8212;&#8212;&#8212;&#8212;&#8212;&#8212;&#8212;&#8212;&#8212;&#8212;&#8212;&#8212;&#8212;&#8212;&#8211;<\/p>\n<hr>\n<h5 style=\"text-align: center;\"><span style=\"color: #000000;\">Mi\u0119dzynarodowy Dzie\u0144 Ziemi<\/span><\/h5>\n<p>&nbsp;<\/p>\n<p>ngg_shortcode_31_placeholder&#8212;&#8212;&#8212;&#8212;&#8212;&#8212;&#8212;&#8212;&#8212;&#8212;&#8212;&#8212;&#8212;&#8212;&#8212;&#8212;&#8212;&#8212;&#8212;&#8212;&#8212;&#8212;&#8212;&#8212;&#8212;&#8212;&#8212;&#8212;&#8212;&#8212;&#8212;&#8212;&#8212;&#8212;&#8212;&#8212;&#8212;&#8212;&#8212;&#8212;&#8212;&#8212;&#8212;&#8211;<\/p>\n<hr>\n<p style=\"text-align: center;\"><strong><span style=\"color: #000000;\">Dzie\u0144 Stra\u017caka 04.05.2023r.<\/span><\/strong><\/p>\n<p>ngg_shortcode_32_placeholder&#8212;&#8212;&#8212;&#8212;&#8212;&#8212;&#8212;&#8212;&#8212;&#8212;&#8212;&#8212;&#8212;&#8212;&#8212;&#8212;&#8212;&#8212;&#8212;&#8212;&#8212;&#8212;&#8212;&#8212;&#8212;&#8212;&#8212;&#8212;&#8212;&#8212;&#8212;&#8212;&#8212;&#8212;&#8212;&#8212;&#8212;&#8212;&#8212;&#8212;&#8212;&#8212;&#8212;&#8211;<\/p>\n<hr>\n<p style=\"text-align: center;\"><span style=\"color: #000000;\"><strong>Dzie\u0144 DZIECKA \ud83d\ude42 \ud83d\ude42 \ud83d\ude42<\/strong><\/span><\/p>\nngg_shortcode_33_placeholder\n","protected":false},"excerpt":{"rendered":"<p>O D D Z I A \u0141 Y&nbsp; &nbsp;&nbsp; P R Z E D S Z K O L N E : G O \u015a C I E J E W O , T A R N O W O. WARSZTATY CHEMICZNE. &nbsp; &nbsp; &nbsp; &nbsp; DZIE\u0143 DZIECKA NA SPORTOWO. [&hellip;]<\/p>\n","protected":false},"author":1,"featured_media":2538,"parent":0,"menu_order":0,"comment_status":"closed","ping_status":"closed","template":"","meta":{"ngg_post_thumbnail":0,"footnotes":""},"class_list":["post-1823","page","type-page","status-publish","has-post-thumbnail","hentry"],"_links":{"self":[{"href":"https:\/\/spgosciejewo.pl\/index.php?rest_route=\/wp\/v2\/pages\/1823","targetHints":{"allow":["GET"]}}],"collection":[{"href":"https:\/\/spgosciejewo.pl\/index.php?rest_route=\/wp\/v2\/pages"}],"about":[{"href":"https:\/\/spgosciejewo.pl\/index.php?rest_route=\/wp\/v2\/types\/page"}],"author":[{"embeddable":true,"href":"https:\/\/spgosciejewo.pl\/index.php?rest_route=\/wp\/v2\/users\/1"}],"replies":[{"embeddable":true,"href":"https:\/\/spgosciejewo.pl\/index.php?rest_route=%2Fwp%2Fv2%2Fcomments&post=1823"}],"version-history":[{"count":51,"href":"https:\/\/spgosciejewo.pl\/index.php?rest_route=\/wp\/v2\/pages\/1823\/revisions"}],"predecessor-version":[{"id":5651,"href":"https:\/\/spgosciejewo.pl\/index.php?rest_route=\/wp\/v2\/pages\/1823\/revisions\/5651"}],"wp:featuredmedia":[{"embeddable":true,"href":"https:\/\/spgosciejewo.pl\/index.php?rest_route=\/wp\/v2\/media\/2538"}],"wp:attachment":[{"href":"https:\/\/spgosciejewo.pl\/index.php?rest_route=%2Fwp%2Fv2%2Fmedia&parent=1823"}],"curies":[{"name":"wp","href":"https:\/\/api.w.org\/{rel}","templated":true}]}}